{"id":1893,"date":"2024-04-30T17:29:51","date_gmt":"2024-04-30T15:29:51","guid":{"rendered":"https:\/\/maalma.fr\/?page_id=1893"},"modified":"2024-05-16T17:27:21","modified_gmt":"2024-05-16T15:27:21","slug":"danse-orientale-le-citadin","status":"publish","type":"page","link":"https:\/\/maalma.fr\/index.php\/videos\/danse-orientale-le-citadin\/","title":{"rendered":"Danse Orientale, le Citadin"},"content":{"rendered":"\n<h2 class=\"wp-block-heading has-text-align-center has-primary-color has-text-color has-link-color has-large-font-size wp-elements-6089e08ce64519155571d2c1337e197e\" style=\"font-style:normal;font-weight:700\">Danse Orientale, le Citadin<\/h2>\n\n\n\n<div class=\"wp-block-group has-global-padding is-layout-constrained wp-container-core-group-is-layout-ce8a117f wp-block-group-is-layout-constrained has-background lazyload\" style=\"padding-top:var(--wp--preset--spacing--x-small);padding-right:var(--wp--preset--spacing--x-small);padding-bottom:var(--wp--preset--spacing--x-small);padding-left:var(--wp--preset--spacing--x-small);background-image:inherit;background-size:cover;\" data-bg-image=\"url(&amp;apos;http:\/\/maalma.fr\/wp-content\/uploads\/2024\/04\/Orientale-BG.jpg&amp;apos;)\">\n<figure class=\"wp-block-embed is-type-video is-provider-youtube wp-block-embed-youtube wp-embed-aspect-16-9 wp-has-aspect-ratio\"><div class=\"wp-block-embed__wrapper\">\n<iframe title=\"Myriam Tara Benharroch - Danse sur Sama\u00ef taqil mode bayati\" width=\"950\" height=\"534\" data-src=\"https:\/\/www.youtube.com\/embed\/PacKypZgbe4?feature=oembed\" frameborder=\"0\" allow=\"accelerometer; autoplay; clipboard-write; encrypted-media; gyroscope; picture-in-picture; web-share\" referrerpolicy=\"strict-origin-when-cross-origin\" allowfullscreen src=\"data:image\/svg+xml;base64,PHN2ZyB3aWR0aD0iMSIgaGVpZ2h0PSIxIiB4bWxucz0iaHR0cDovL3d3dy53My5vcmcvMjAwMC9zdmciPjwvc3ZnPg==\" class=\"lazyload\" data-load-mode=\"1\"><\/iframe>\n<\/div><\/figure>\n\n\n\n<figure class=\"wp-block-embed is-type-video is-provider-youtube wp-block-embed-youtube wp-embed-aspect-16-9 wp-has-aspect-ratio\"><div class=\"wp-block-embed__wrapper\">\n<iframe title=\"Myriam Tara Benharroch   danse orientale\" width=\"950\" height=\"534\" data-src=\"https:\/\/www.youtube.com\/embed\/2r9DzRzR6Y8?feature=oembed\" frameborder=\"0\" allow=\"accelerometer; autoplay; clipboard-write; encrypted-media; gyroscope; picture-in-picture; web-share\" referrerpolicy=\"strict-origin-when-cross-origin\" allowfullscreen src=\"data:image\/svg+xml;base64,PHN2ZyB3aWR0aD0iMSIgaGVpZ2h0PSIxIiB4bWxucz0iaHR0cDovL3d3dy53My5vcmcvMjAwMC9zdmciPjwvc3ZnPg==\" class=\"lazyload\" data-load-mode=\"1\"><\/iframe>\n<\/div><\/figure>\n\n\n\n<figure class=\"wp-block-embed is-type-video is-provider-youtube wp-block-embed-youtube wp-embed-aspect-16-9 wp-has-aspect-ratio\"><div class=\"wp-block-embed__wrapper\">\n<iframe title=\"Myriam Tara Benharroch Raqs sharqi Institut du Monde Arabe 2005\" width=\"950\" height=\"534\" data-src=\"https:\/\/www.youtube.com\/embed\/CSSNwBVFtlg?feature=oembed\" frameborder=\"0\" allow=\"accelerometer; autoplay; clipboard-write; encrypted-media; gyroscope; picture-in-picture; web-share\" referrerpolicy=\"strict-origin-when-cross-origin\" allowfullscreen src=\"data:image\/svg+xml;base64,PHN2ZyB3aWR0aD0iMSIgaGVpZ2h0PSIxIiB4bWxucz0iaHR0cDovL3d3dy53My5vcmcvMjAwMC9zdmciPjwvc3ZnPg==\" class=\"lazyload\" data-load-mode=\"1\"><\/iframe>\n<\/div><\/figure>\n\n\n\n<figure class=\"wp-block-embed is-type-video is-provider-youtube wp-block-embed-youtube wp-embed-aspect-16-9 wp-has-aspect-ratio\"><div class=\"wp-block-embed__wrapper\">\n<iframe title=\"Myriam Tara Benharroch danse classique orientale sur Sama\u00ef taqil Th\u00e9\u00e2tre Vigado (Budapest) 2004\" width=\"950\" height=\"534\" data-src=\"https:\/\/www.youtube.com\/embed\/MwkaoiIfj0o?feature=oembed\" frameborder=\"0\" allow=\"accelerometer; autoplay; clipboard-write; encrypted-media; gyroscope; picture-in-picture; web-share\" referrerpolicy=\"strict-origin-when-cross-origin\" allowfullscreen src=\"data:image\/svg+xml;base64,PHN2ZyB3aWR0aD0iMSIgaGVpZ2h0PSIxIiB4bWxucz0iaHR0cDovL3d3dy53My5vcmcvMjAwMC9zdmciPjwvc3ZnPg==\" class=\"lazyload\" data-load-mode=\"1\"><\/iframe>\n<\/div><\/figure>\n\n\n\n<figure class=\"wp-block-embed is-type-video is-provider-youtube wp-block-embed-youtube wp-embed-aspect-16-9 wp-has-aspect-ratio\"><div class=\"wp-block-embed__wrapper\">\n<iframe title=\"Myriam Tara Benharroch Danse arabo-andalouse Centre culturel de Noisiel (2006)\" width=\"950\" height=\"534\" data-src=\"https:\/\/www.youtube.com\/embed\/WvdtS5w88LM?feature=oembed\" frameborder=\"0\" allow=\"accelerometer; autoplay; clipboard-write; encrypted-media; gyroscope; picture-in-picture; web-share\" referrerpolicy=\"strict-origin-when-cross-origin\" allowfullscreen src=\"data:image\/svg+xml;base64,PHN2ZyB3aWR0aD0iMSIgaGVpZ2h0PSIxIiB4bWxucz0iaHR0cDovL3d3dy53My5vcmcvMjAwMC9zdmciPjwvc3ZnPg==\" class=\"lazyload\" data-load-mode=\"1\"><\/iframe>\n<\/div><\/figure>\n\n\n\n<figure class=\"wp-block-embed is-type-video is-provider-youtube wp-block-embed-youtube wp-embed-aspect-16-9 wp-has-aspect-ratio\"><div class=\"wp-block-embed__wrapper\">\n<iframe title=\"Myriam Tara Benharroch Danse arabo-andalouse Centre culturel de Noisiel (2006) : Myriam TARA\" width=\"950\" height=\"534\" data-src=\"https:\/\/www.youtube.com\/embed\/b6gWqTA-NMk?feature=oembed\" frameborder=\"0\" allow=\"accelerometer; autoplay; clipboard-write; encrypted-media; gyroscope; picture-in-picture; web-share\" referrerpolicy=\"strict-origin-when-cross-origin\" allowfullscreen src=\"data:image\/svg+xml;base64,PHN2ZyB3aWR0aD0iMSIgaGVpZ2h0PSIxIiB4bWxucz0iaHR0cDovL3d3dy53My5vcmcvMjAwMC9zdmciPjwvc3ZnPg==\" class=\"lazyload\" data-load-mode=\"1\"><\/iframe>\n<\/div><\/figure>\n\n\n\n<figure class=\"wp-block-embed is-type-video is-provider-youtube wp-block-embed-youtube wp-embed-aspect-16-9 wp-has-aspect-ratio\"><div class=\"wp-block-embed__wrapper\">\n<iframe title=\"Myriam Tara Benharroch Danse arabo-andalouse Centre culturel de Noisiel 2006\" width=\"950\" height=\"534\" data-src=\"https:\/\/www.youtube.com\/embed\/hyuRXlYrxuM?feature=oembed\" frameborder=\"0\" allow=\"accelerometer; autoplay; clipboard-write; encrypted-media; gyroscope; picture-in-picture; web-share\" referrerpolicy=\"strict-origin-when-cross-origin\" allowfullscreen src=\"data:image\/svg+xml;base64,PHN2ZyB3aWR0aD0iMSIgaGVpZ2h0PSIxIiB4bWxucz0iaHR0cDovL3d3dy53My5vcmcvMjAwMC9zdmciPjwvc3ZnPg==\" class=\"lazyload\" data-load-mode=\"1\"><\/iframe>\n<\/div><\/figure>\n\n\n\n<figure class=\"wp-block-embed is-type-video is-provider-youtube wp-block-embed-youtube wp-embed-aspect-16-9 wp-has-aspect-ratio\"><div class=\"wp-block-embed__wrapper\">\n<iframe title=\"Myriam Tara Benharroch Danse arabo-andalouse Th\u00e9\u00e2tre Dejazet  2001\" width=\"950\" height=\"534\" data-src=\"https:\/\/www.youtube.com\/embed\/z3KLo_4nsJ0?feature=oembed\" frameborder=\"0\" allow=\"accelerometer; autoplay; clipboard-write; encrypted-media; gyroscope; picture-in-picture; web-share\" referrerpolicy=\"strict-origin-when-cross-origin\" allowfullscreen src=\"data:image\/svg+xml;base64,PHN2ZyB3aWR0aD0iMSIgaGVpZ2h0PSIxIiB4bWxucz0iaHR0cDovL3d3dy53My5vcmcvMjAwMC9zdmciPjwvc3ZnPg==\" class=\"lazyload\" data-load-mode=\"1\"><\/iframe>\n<\/div><\/figure>\n<\/div>\n\n\n\n<div style=\"height:50px\" aria-hidden=\"true\" class=\"wp-block-spacer\"><\/div>\n","protected":false},"excerpt":{"rendered":"<p>Danse Orientale, le Citadin<\/p>\n","protected":false},"author":1,"featured_media":0,"parent":87,"menu_order":0,"comment_status":"closed","ping_status":"closed","template":"page-templates\/no-title.php","meta":{"inspiro_hide_title":false,"footnotes":""},"class_list":["post-1893","page","type-page","status-publish","hentry"],"yoast_head":"<!-- This site is optimized with the Yoast SEO plugin v27.3 - https:\/\/yoast.com\/product\/yoast-seo-wordpress\/ -->\n<title>Danse Orientale, le Citadin - Maalma<\/title>\n<meta name=\"robots\" content=\"index, follow, max-snippet:-1, max-image-preview:large, max-video-preview:-1\" \/>\n<link rel=\"canonical\" href=\"https:\/\/maalma.fr\/index.php\/videos\/danse-orientale-le-citadin\/\" \/>\n<meta property=\"og:locale\" content=\"fr_FR\" \/>\n<meta property=\"og:type\" content=\"article\" \/>\n<meta property=\"og:title\" content=\"Danse Orientale, le Citadin - Maalma\" \/>\n<meta property=\"og:description\" content=\"Danse Orientale, le Citadin\" \/>\n<meta property=\"og:url\" content=\"https:\/\/maalma.fr\/index.php\/videos\/danse-orientale-le-citadin\/\" \/>\n<meta property=\"og:site_name\" content=\"Maalma\" \/>\n<meta property=\"article:modified_time\" content=\"2024-05-16T15:27:21+00:00\" \/>\n<meta name=\"twitter:card\" content=\"summary_large_image\" \/>\n<meta name=\"twitter:label1\" content=\"Dur\u00e9e de lecture estim\u00e9e\" \/>\n\t<meta name=\"twitter:data1\" content=\"1 minute\" \/>\n<script type=\"application\/ld+json\" class=\"yoast-schema-graph\">{\"@context\":\"https:\\\/\\\/schema.org\",\"@graph\":[{\"@type\":\"WebPage\",\"@id\":\"https:\\\/\\\/maalma.fr\\\/index.php\\\/videos\\\/danse-orientale-le-citadin\\\/\",\"url\":\"https:\\\/\\\/maalma.fr\\\/index.php\\\/videos\\\/danse-orientale-le-citadin\\\/\",\"name\":\"Danse Orientale, le Citadin - Maalma\",\"isPartOf\":{\"@id\":\"https:\\\/\\\/maalma.fr\\\/#website\"},\"datePublished\":\"2024-04-30T15:29:51+00:00\",\"dateModified\":\"2024-05-16T15:27:21+00:00\",\"breadcrumb\":{\"@id\":\"https:\\\/\\\/maalma.fr\\\/index.php\\\/videos\\\/danse-orientale-le-citadin\\\/#breadcrumb\"},\"inLanguage\":\"fr-FR\",\"potentialAction\":[{\"@type\":\"ReadAction\",\"target\":[\"https:\\\/\\\/maalma.fr\\\/index.php\\\/videos\\\/danse-orientale-le-citadin\\\/\"]}]},{\"@type\":\"BreadcrumbList\",\"@id\":\"https:\\\/\\\/maalma.fr\\\/index.php\\\/videos\\\/danse-orientale-le-citadin\\\/#breadcrumb\",\"itemListElement\":[{\"@type\":\"ListItem\",\"position\":1,\"name\":\"Accueil\",\"item\":\"https:\\\/\\\/maalma.fr\\\/\"},{\"@type\":\"ListItem\",\"position\":2,\"name\":\"Vid\u00e9os\",\"item\":\"https:\\\/\\\/maalma.fr\\\/index.php\\\/videos\\\/\"},{\"@type\":\"ListItem\",\"position\":3,\"name\":\"Danse Orientale, le Citadin\"}]},{\"@type\":\"WebSite\",\"@id\":\"https:\\\/\\\/maalma.fr\\\/#website\",\"url\":\"https:\\\/\\\/maalma.fr\\\/\",\"name\":\"Maalma\",\"description\":\"Cours de Danse Orientale \u00e0 Toulon\",\"publisher\":{\"@id\":\"https:\\\/\\\/maalma.fr\\\/#\\\/schema\\\/person\\\/a945d22e927bdda5549b8ce55155fbc1\"},\"potentialAction\":[{\"@type\":\"SearchAction\",\"target\":{\"@type\":\"EntryPoint\",\"urlTemplate\":\"https:\\\/\\\/maalma.fr\\\/?s={search_term_string}\"},\"query-input\":{\"@type\":\"PropertyValueSpecification\",\"valueRequired\":true,\"valueName\":\"search_term_string\"}}],\"inLanguage\":\"fr-FR\"},{\"@type\":[\"Person\",\"Organization\"],\"@id\":\"https:\\\/\\\/maalma.fr\\\/#\\\/schema\\\/person\\\/a945d22e927bdda5549b8ce55155fbc1\",\"name\":\"zenouda\",\"image\":{\"@type\":\"ImageObject\",\"inLanguage\":\"fr-FR\",\"@id\":\"https:\\\/\\\/maalma.fr\\\/wp-content\\\/uploads\\\/2024\\\/05\\\/cropped-unnamed.jpg\",\"url\":\"https:\\\/\\\/maalma.fr\\\/wp-content\\\/uploads\\\/2024\\\/05\\\/cropped-unnamed.jpg\",\"contentUrl\":\"https:\\\/\\\/maalma.fr\\\/wp-content\\\/uploads\\\/2024\\\/05\\\/cropped-unnamed.jpg\",\"width\":512,\"height\":512,\"caption\":\"zenouda\"},\"logo\":{\"@id\":\"https:\\\/\\\/maalma.fr\\\/wp-content\\\/uploads\\\/2024\\\/05\\\/cropped-unnamed.jpg\"},\"sameAs\":[\"http:\\\/\\\/maalma.fr\"]}]}<\/script>\n<!-- \/ Yoast SEO plugin. -->","yoast_head_json":{"title":"Danse Orientale, le Citadin - Maalma","robots":{"index":"index","follow":"follow","max-snippet":"max-snippet:-1","max-image-preview":"max-image-preview:large","max-video-preview":"max-video-preview:-1"},"canonical":"https:\/\/maalma.fr\/index.php\/videos\/danse-orientale-le-citadin\/","og_locale":"fr_FR","og_type":"article","og_title":"Danse Orientale, le Citadin - Maalma","og_description":"Danse Orientale, le Citadin","og_url":"https:\/\/maalma.fr\/index.php\/videos\/danse-orientale-le-citadin\/","og_site_name":"Maalma","article_modified_time":"2024-05-16T15:27:21+00:00","twitter_card":"summary_large_image","twitter_misc":{"Dur\u00e9e de lecture estim\u00e9e":"1 minute"},"schema":{"@context":"https:\/\/schema.org","@graph":[{"@type":"WebPage","@id":"https:\/\/maalma.fr\/index.php\/videos\/danse-orientale-le-citadin\/","url":"https:\/\/maalma.fr\/index.php\/videos\/danse-orientale-le-citadin\/","name":"Danse Orientale, le Citadin - Maalma","isPartOf":{"@id":"https:\/\/maalma.fr\/#website"},"datePublished":"2024-04-30T15:29:51+00:00","dateModified":"2024-05-16T15:27:21+00:00","breadcrumb":{"@id":"https:\/\/maalma.fr\/index.php\/videos\/danse-orientale-le-citadin\/#breadcrumb"},"inLanguage":"fr-FR","potentialAction":[{"@type":"ReadAction","target":["https:\/\/maalma.fr\/index.php\/videos\/danse-orientale-le-citadin\/"]}]},{"@type":"BreadcrumbList","@id":"https:\/\/maalma.fr\/index.php\/videos\/danse-orientale-le-citadin\/#breadcrumb","itemListElement":[{"@type":"ListItem","position":1,"name":"Accueil","item":"https:\/\/maalma.fr\/"},{"@type":"ListItem","position":2,"name":"Vid\u00e9os","item":"https:\/\/maalma.fr\/index.php\/videos\/"},{"@type":"ListItem","position":3,"name":"Danse Orientale, le Citadin"}]},{"@type":"WebSite","@id":"https:\/\/maalma.fr\/#website","url":"https:\/\/maalma.fr\/","name":"Maalma","description":"Cours de Danse Orientale \u00e0 Toulon","publisher":{"@id":"https:\/\/maalma.fr\/#\/schema\/person\/a945d22e927bdda5549b8ce55155fbc1"},"potentialAction":[{"@type":"SearchAction","target":{"@type":"EntryPoint","urlTemplate":"https:\/\/maalma.fr\/?s={search_term_string}"},"query-input":{"@type":"PropertyValueSpecification","valueRequired":true,"valueName":"search_term_string"}}],"inLanguage":"fr-FR"},{"@type":["Person","Organization"],"@id":"https:\/\/maalma.fr\/#\/schema\/person\/a945d22e927bdda5549b8ce55155fbc1","name":"zenouda","image":{"@type":"ImageObject","inLanguage":"fr-FR","@id":"https:\/\/maalma.fr\/wp-content\/uploads\/2024\/05\/cropped-unnamed.jpg","url":"https:\/\/maalma.fr\/wp-content\/uploads\/2024\/05\/cropped-unnamed.jpg","contentUrl":"https:\/\/maalma.fr\/wp-content\/uploads\/2024\/05\/cropped-unnamed.jpg","width":512,"height":512,"caption":"zenouda"},"logo":{"@id":"https:\/\/maalma.fr\/wp-content\/uploads\/2024\/05\/cropped-unnamed.jpg"},"sameAs":["http:\/\/maalma.fr"]}]}},"_links":{"self":[{"href":"https:\/\/maalma.fr\/index.php\/wp-json\/wp\/v2\/pages\/1893","targetHints":{"allow":["GET"]}}],"collection":[{"href":"https:\/\/maalma.fr\/index.php\/wp-json\/wp\/v2\/pages"}],"about":[{"href":"https:\/\/maalma.fr\/index.php\/wp-json\/wp\/v2\/types\/page"}],"author":[{"embeddable":true,"href":"https:\/\/maalma.fr\/index.php\/wp-json\/wp\/v2\/users\/1"}],"replies":[{"embeddable":true,"href":"https:\/\/maalma.fr\/index.php\/wp-json\/wp\/v2\/comments?post=1893"}],"version-history":[{"count":0,"href":"https:\/\/maalma.fr\/index.php\/wp-json\/wp\/v2\/pages\/1893\/revisions"}],"up":[{"embeddable":true,"href":"https:\/\/maalma.fr\/index.php\/wp-json\/wp\/v2\/pages\/87"}],"wp:attachment":[{"href":"https:\/\/maalma.fr\/index.php\/wp-json\/wp\/v2\/media?parent=1893"}],"curies":[{"name":"wp","href":"https:\/\/api.w.org\/{rel}","templated":true}]}}