{"id":2332,"date":"2024-05-06T16:33:06","date_gmt":"2024-05-06T14:33:06","guid":{"rendered":"https:\/\/maalma.fr\/?page_id=2332"},"modified":"2025-08-30T13:44:04","modified_gmt":"2025-08-30T11:44:04","slug":"conferences","status":"publish","type":"page","link":"https:\/\/maalma.fr\/index.php\/evenements\/conferences\/","title":{"rendered":"Conf\u00e9rences"},"content":{"rendered":"\n<h2 class=\"wp-block-heading has-text-align-center has-large-font-size\" style=\"font-style:normal;font-weight:700\">Conf\u00e9rences<\/h2>\n\n\n\n<div style=\"background-image:inherit;background-size:cover;\" class=\"wp-block-group has-global-padding is-layout-constrained wp-block-group-is-layout-constrained has-background lazyload\" data-bg-image=\"url(&amp;apos;http:\/\/maalma.fr\/wp-content\/uploads\/2024\/04\/Orientale-BG.jpg&amp;apos;)\">\n<h2 class=\"wp-block-heading has-text-color has-link-color wp-elements-5880a293ecbd2d8353939b6436427632\" style=\"color:#00125a\">Cycles de conf\u00e9rences<\/h2>\n\n\n\n<h2 class=\"wp-block-heading has-text-color has-link-color wp-elements-d0b1eef4794fb6587039aa2fbc245507\" style=\"color:#00125a\">Dante et la mystique juive  (octobre-d\u00e9cembre 2025 \/ janvier-mars2026)<\/h2>\n\n\n\n<figure class=\"wp-block-gallery has-nested-images columns-4 is-cropped wp-block-gallery-1 is-layout-flex wp-block-gallery-is-layout-flex\">\n<figure class=\"wp-block-image size-full\"><img data-dominant-color=\"92535b\" data-has-transparency=\"false\" style=\"--smush-placeholder-width: 194px; --smush-placeholder-aspect-ratio: 194\/418;--dominant-color: #92535b;\" decoding=\"async\" width=\"194\" height=\"418\" data-sizes=\"(max-width: 194px) 100vw, 194px\" data-id=\"2983\" data-src=\"https:\/\/maalma.fr\/wp-content\/uploads\/2025\/08\/Conference_01-1.png\" alt=\"\" class=\"wp-image-2983 not-transparent lazyload\" data-srcset=\"https:\/\/maalma.fr\/wp-content\/uploads\/2025\/08\/Conference_01-1.png 194w, https:\/\/maalma.fr\/wp-content\/uploads\/2025\/08\/Conference_01-1-139x300.png 139w\" src=\"data:image\/svg+xml;base64,PHN2ZyB3aWR0aD0iMSIgaGVpZ2h0PSIxIiB4bWxucz0iaHR0cDovL3d3dy53My5vcmcvMjAwMC9zdmciPjwvc3ZnPg==\" \/><\/figure>\n\n\n\n<figure class=\"wp-block-image size-full\"><img data-dominant-color=\"ad9a94\" data-has-transparency=\"false\" style=\"--smush-placeholder-width: 220px; --smush-placeholder-aspect-ratio: 220\/443;--dominant-color: #ad9a94;\" decoding=\"async\" width=\"220\" height=\"443\" data-sizes=\"(max-width: 220px) 100vw, 220px\" data-id=\"2984\" data-src=\"https:\/\/maalma.fr\/wp-content\/uploads\/2025\/08\/Conference_02-1.png\" alt=\"\" class=\"wp-image-2984 not-transparent lazyload\" data-srcset=\"https:\/\/maalma.fr\/wp-content\/uploads\/2025\/08\/Conference_02-1.png 220w, https:\/\/maalma.fr\/wp-content\/uploads\/2025\/08\/Conference_02-1-149x300.png 149w\" src=\"data:image\/svg+xml;base64,PHN2ZyB3aWR0aD0iMSIgaGVpZ2h0PSIxIiB4bWxucz0iaHR0cDovL3d3dy53My5vcmcvMjAwMC9zdmciPjwvc3ZnPg==\" \/><\/figure>\n\n\n\n<figure class=\"wp-block-image size-full\"><img data-dominant-color=\"b0a7a0\" data-has-transparency=\"false\" style=\"--smush-placeholder-width: 203px; --smush-placeholder-aspect-ratio: 203\/425;--dominant-color: #b0a7a0;\" decoding=\"async\" width=\"203\" height=\"425\" data-sizes=\"(max-width: 203px) 100vw, 203px\" data-id=\"2985\" data-src=\"https:\/\/maalma.fr\/wp-content\/uploads\/2025\/08\/Conference_03-1.png\" alt=\"\" class=\"wp-image-2985 not-transparent lazyload\" data-srcset=\"https:\/\/maalma.fr\/wp-content\/uploads\/2025\/08\/Conference_03-1.png 203w, https:\/\/maalma.fr\/wp-content\/uploads\/2025\/08\/Conference_03-1-143x300.png 143w\" src=\"data:image\/svg+xml;base64,PHN2ZyB3aWR0aD0iMSIgaGVpZ2h0PSIxIiB4bWxucz0iaHR0cDovL3d3dy53My5vcmcvMjAwMC9zdmciPjwvc3ZnPg==\" \/><\/figure>\n<\/figure>\n\n\n\n<h2 class=\"wp-block-heading has-text-color has-link-color wp-elements-d33feaa4992dc43ef7daa634a693882f\" style=\"color:#00125a\">Les trois monoth\u00e9ismes (septembre-d\u00e9cembre 2024)<\/h2>\n\n\n\n<figure class=\"wp-block-gallery has-nested-images columns-4 is-cropped wp-block-gallery-2 is-layout-flex wp-block-gallery-is-layout-flex\">\n<figure class=\"wp-block-image size-full\"><img decoding=\"async\" width=\"355\" height=\"720\" data-sizes=\"(max-width: 355px) 100vw, 355px\" data-id=\"1808\" data-src=\"https:\/\/maalma.fr\/wp-content\/uploads\/2024\/04\/event_1.png\" alt=\"\" class=\"wp-image-1808 lazyload\" data-srcset=\"https:\/\/maalma.fr\/wp-content\/uploads\/2024\/04\/event_1.png 355w, https:\/\/maalma.fr\/wp-content\/uploads\/2024\/04\/event_1-148x300.png 148w\" src=\"data:image\/svg+xml;base64,PHN2ZyB3aWR0aD0iMSIgaGVpZ2h0PSIxIiB4bWxucz0iaHR0cDovL3d3dy53My5vcmcvMjAwMC9zdmciPjwvc3ZnPg==\" style=\"--smush-placeholder-width: 355px; --smush-placeholder-aspect-ratio: 355\/720;\" \/><\/figure>\n\n\n\n<figure class=\"wp-block-image size-full\"><img decoding=\"async\" width=\"345\" height=\"724\" data-sizes=\"(max-width: 345px) 100vw, 345px\" data-id=\"1805\" data-src=\"https:\/\/maalma.fr\/wp-content\/uploads\/2024\/04\/event_2.png\" alt=\"\" class=\"wp-image-1805 lazyload\" data-srcset=\"https:\/\/maalma.fr\/wp-content\/uploads\/2024\/04\/event_2.png 345w, https:\/\/maalma.fr\/wp-content\/uploads\/2024\/04\/event_2-143x300.png 143w\" src=\"data:image\/svg+xml;base64,PHN2ZyB3aWR0aD0iMSIgaGVpZ2h0PSIxIiB4bWxucz0iaHR0cDovL3d3dy53My5vcmcvMjAwMC9zdmciPjwvc3ZnPg==\" style=\"--smush-placeholder-width: 345px; --smush-placeholder-aspect-ratio: 345\/724;\" \/><\/figure>\n\n\n\n<figure class=\"wp-block-image size-full\"><img decoding=\"async\" width=\"338\" height=\"724\" data-sizes=\"(max-width: 338px) 100vw, 338px\" data-id=\"1806\" data-src=\"https:\/\/maalma.fr\/wp-content\/uploads\/2024\/04\/event_3.png\" alt=\"\" class=\"wp-image-1806 lazyload\" data-srcset=\"https:\/\/maalma.fr\/wp-content\/uploads\/2024\/04\/event_3.png 338w, https:\/\/maalma.fr\/wp-content\/uploads\/2024\/04\/event_3-140x300.png 140w\" src=\"data:image\/svg+xml;base64,PHN2ZyB3aWR0aD0iMSIgaGVpZ2h0PSIxIiB4bWxucz0iaHR0cDovL3d3dy53My5vcmcvMjAwMC9zdmciPjwvc3ZnPg==\" style=\"--smush-placeholder-width: 338px; --smush-placeholder-aspect-ratio: 338\/724;\" \/><\/figure>\n\n\n\n<figure class=\"wp-block-image size-full\"><img decoding=\"async\" width=\"342\" height=\"727\" data-sizes=\"(max-width: 342px) 100vw, 342px\" data-id=\"1807\" data-src=\"https:\/\/maalma.fr\/wp-content\/uploads\/2024\/04\/event_4.png\" alt=\"\" class=\"wp-image-1807 lazyload\" data-srcset=\"https:\/\/maalma.fr\/wp-content\/uploads\/2024\/04\/event_4.png 342w, https:\/\/maalma.fr\/wp-content\/uploads\/2024\/04\/event_4-141x300.png 141w\" src=\"data:image\/svg+xml;base64,PHN2ZyB3aWR0aD0iMSIgaGVpZ2h0PSIxIiB4bWxucz0iaHR0cDovL3d3dy53My5vcmcvMjAwMC9zdmciPjwvc3ZnPg==\" style=\"--smush-placeholder-width: 342px; --smush-placeholder-aspect-ratio: 342\/727;\" \/><\/figure>\n<\/figure>\n\n\n\n<div class=\"wp-block-file\"><a id=\"wp-block-file--media-a04f2d75-99ef-4300-9a2b-e1a423d26ef0\" href=\"https:\/\/maalma.fr\/wp-content\/uploads\/2024\/05\/Brochure-A-H-rentree-2024-Myriam-B-1.pdf\">Brochure-A-H-rentree-2024-Myriam-B-1<\/a><a href=\"https:\/\/maalma.fr\/wp-content\/uploads\/2024\/05\/Brochure-A-H-rentree-2024-Myriam-B-1.pdf\" class=\"wp-block-file__button wp-element-button\" download aria-describedby=\"wp-block-file--media-a04f2d75-99ef-4300-9a2b-e1a423d26ef0\">T\u00e9l\u00e9charger<\/a><\/div>\n<\/div>\n\n\n\n<div style=\"height:50px\" aria-hidden=\"true\" class=\"wp-block-spacer\"><\/div>\n","protected":false},"excerpt":{"rendered":"<p>Conf\u00e9rences Cycles de conf\u00e9rences Dante et la mystique juive (octobre-d\u00e9cembre 2025 \/ janvier-mars2026) Les trois monoth\u00e9ismes (septembre-d\u00e9cembre 2024)<\/p>\n","protected":false},"author":1,"featured_media":0,"parent":88,"menu_order":0,"comment_status":"closed","ping_status":"closed","template":"page-templates\/no-title.php","meta":{"inspiro_hide_title":false,"footnotes":""},"class_list":["post-2332","page","type-page","status-publish","hentry"],"yoast_head":"<!-- This site is optimized with the Yoast SEO plugin v27.5 - https:\/\/yoast.com\/product\/yoast-seo-wordpress\/ -->\n<title>Conf\u00e9rences - Maalma<\/title>\n<meta name=\"robots\" content=\"index, follow, max-snippet:-1, max-image-preview:large, max-video-preview:-1\" \/>\n<link rel=\"canonical\" href=\"https:\/\/maalma.fr\/index.php\/evenements\/conferences\/\" \/>\n<meta property=\"og:locale\" content=\"fr_FR\" \/>\n<meta property=\"og:type\" content=\"article\" \/>\n<meta property=\"og:title\" content=\"Conf\u00e9rences - Maalma\" \/>\n<meta property=\"og:description\" content=\"Conf\u00e9rences Cycles de conf\u00e9rences Dante et la mystique juive (octobre-d\u00e9cembre 2025 \/ janvier-mars2026) Les trois monoth\u00e9ismes (septembre-d\u00e9cembre 2024)\" \/>\n<meta property=\"og:url\" content=\"https:\/\/maalma.fr\/index.php\/evenements\/conferences\/\" \/>\n<meta property=\"og:site_name\" content=\"Maalma\" \/>\n<meta property=\"article:modified_time\" content=\"2025-08-30T11:44:04+00:00\" \/>\n<meta property=\"og:image\" content=\"https:\/\/maalma.fr\/wp-content\/uploads\/2025\/08\/Conference_01-1.png\" \/>\n\t<meta property=\"og:image:width\" content=\"194\" \/>\n\t<meta property=\"og:image:height\" content=\"418\" \/>\n\t<meta property=\"og:image:type\" content=\"image\/png\" \/>\n<meta name=\"twitter:card\" content=\"summary_large_image\" \/>\n<meta name=\"twitter:label1\" content=\"Dur\u00e9e de lecture estim\u00e9e\" \/>\n\t<meta name=\"twitter:data1\" content=\"2 minutes\" \/>\n<script type=\"application\/ld+json\" class=\"yoast-schema-graph\">{\"@context\":\"https:\\\/\\\/schema.org\",\"@graph\":[{\"@type\":\"WebPage\",\"@id\":\"https:\\\/\\\/maalma.fr\\\/index.php\\\/evenements\\\/conferences\\\/\",\"url\":\"https:\\\/\\\/maalma.fr\\\/index.php\\\/evenements\\\/conferences\\\/\",\"name\":\"Conf\u00e9rences - Maalma\",\"isPartOf\":{\"@id\":\"https:\\\/\\\/maalma.fr\\\/#website\"},\"primaryImageOfPage\":{\"@id\":\"https:\\\/\\\/maalma.fr\\\/index.php\\\/evenements\\\/conferences\\\/#primaryimage\"},\"image\":{\"@id\":\"https:\\\/\\\/maalma.fr\\\/index.php\\\/evenements\\\/conferences\\\/#primaryimage\"},\"thumbnailUrl\":\"https:\\\/\\\/maalma.fr\\\/wp-content\\\/uploads\\\/2025\\\/08\\\/Conference_01-1.png\",\"datePublished\":\"2024-05-06T14:33:06+00:00\",\"dateModified\":\"2025-08-30T11:44:04+00:00\",\"breadcrumb\":{\"@id\":\"https:\\\/\\\/maalma.fr\\\/index.php\\\/evenements\\\/conferences\\\/#breadcrumb\"},\"inLanguage\":\"fr-FR\",\"potentialAction\":[{\"@type\":\"ReadAction\",\"target\":[\"https:\\\/\\\/maalma.fr\\\/index.php\\\/evenements\\\/conferences\\\/\"]}]},{\"@type\":\"ImageObject\",\"inLanguage\":\"fr-FR\",\"@id\":\"https:\\\/\\\/maalma.fr\\\/index.php\\\/evenements\\\/conferences\\\/#primaryimage\",\"url\":\"https:\\\/\\\/maalma.fr\\\/wp-content\\\/uploads\\\/2025\\\/08\\\/Conference_01-1.png\",\"contentUrl\":\"https:\\\/\\\/maalma.fr\\\/wp-content\\\/uploads\\\/2025\\\/08\\\/Conference_01-1.png\",\"width\":194,\"height\":418},{\"@type\":\"BreadcrumbList\",\"@id\":\"https:\\\/\\\/maalma.fr\\\/index.php\\\/evenements\\\/conferences\\\/#breadcrumb\",\"itemListElement\":[{\"@type\":\"ListItem\",\"position\":1,\"name\":\"Accueil\",\"item\":\"https:\\\/\\\/maalma.fr\\\/\"},{\"@type\":\"ListItem\",\"position\":2,\"name\":\"\u00c9v\u00e9nements\",\"item\":\"https:\\\/\\\/maalma.fr\\\/index.php\\\/evenements\\\/\"},{\"@type\":\"ListItem\",\"position\":3,\"name\":\"Conf\u00e9rences\"}]},{\"@type\":\"WebSite\",\"@id\":\"https:\\\/\\\/maalma.fr\\\/#website\",\"url\":\"https:\\\/\\\/maalma.fr\\\/\",\"name\":\"Maalma\",\"description\":\"Cours de Danse Orientale \u00e0 Toulon\",\"publisher\":{\"@id\":\"https:\\\/\\\/maalma.fr\\\/#\\\/schema\\\/person\\\/a945d22e927bdda5549b8ce55155fbc1\"},\"potentialAction\":[{\"@type\":\"SearchAction\",\"target\":{\"@type\":\"EntryPoint\",\"urlTemplate\":\"https:\\\/\\\/maalma.fr\\\/?s={search_term_string}\"},\"query-input\":{\"@type\":\"PropertyValueSpecification\",\"valueRequired\":true,\"valueName\":\"search_term_string\"}}],\"inLanguage\":\"fr-FR\"},{\"@type\":[\"Person\",\"Organization\"],\"@id\":\"https:\\\/\\\/maalma.fr\\\/#\\\/schema\\\/person\\\/a945d22e927bdda5549b8ce55155fbc1\",\"name\":\"zenouda\",\"image\":{\"@type\":\"ImageObject\",\"inLanguage\":\"fr-FR\",\"@id\":\"https:\\\/\\\/maalma.fr\\\/wp-content\\\/uploads\\\/2024\\\/05\\\/cropped-unnamed.jpg\",\"url\":\"https:\\\/\\\/maalma.fr\\\/wp-content\\\/uploads\\\/2024\\\/05\\\/cropped-unnamed.jpg\",\"contentUrl\":\"https:\\\/\\\/maalma.fr\\\/wp-content\\\/uploads\\\/2024\\\/05\\\/cropped-unnamed.jpg\",\"width\":512,\"height\":512,\"caption\":\"zenouda\"},\"logo\":{\"@id\":\"https:\\\/\\\/maalma.fr\\\/wp-content\\\/uploads\\\/2024\\\/05\\\/cropped-unnamed.jpg\"},\"sameAs\":[\"http:\\\/\\\/maalma.fr\"]}]}<\/script>\n<!-- \/ Yoast SEO plugin. -->","yoast_head_json":{"title":"Conf\u00e9rences - Maalma","robots":{"index":"index","follow":"follow","max-snippet":"max-snippet:-1","max-image-preview":"max-image-preview:large","max-video-preview":"max-video-preview:-1"},"canonical":"https:\/\/maalma.fr\/index.php\/evenements\/conferences\/","og_locale":"fr_FR","og_type":"article","og_title":"Conf\u00e9rences - Maalma","og_description":"Conf\u00e9rences Cycles de conf\u00e9rences Dante et la mystique juive (octobre-d\u00e9cembre 2025 \/ janvier-mars2026) Les trois monoth\u00e9ismes (septembre-d\u00e9cembre 2024)","og_url":"https:\/\/maalma.fr\/index.php\/evenements\/conferences\/","og_site_name":"Maalma","article_modified_time":"2025-08-30T11:44:04+00:00","og_image":[{"width":194,"height":418,"url":"https:\/\/maalma.fr\/wp-content\/uploads\/2025\/08\/Conference_01-1.png","type":"image\/png"}],"twitter_card":"summary_large_image","twitter_misc":{"Dur\u00e9e de lecture estim\u00e9e":"2 minutes"},"schema":{"@context":"https:\/\/schema.org","@graph":[{"@type":"WebPage","@id":"https:\/\/maalma.fr\/index.php\/evenements\/conferences\/","url":"https:\/\/maalma.fr\/index.php\/evenements\/conferences\/","name":"Conf\u00e9rences - Maalma","isPartOf":{"@id":"https:\/\/maalma.fr\/#website"},"primaryImageOfPage":{"@id":"https:\/\/maalma.fr\/index.php\/evenements\/conferences\/#primaryimage"},"image":{"@id":"https:\/\/maalma.fr\/index.php\/evenements\/conferences\/#primaryimage"},"thumbnailUrl":"https:\/\/maalma.fr\/wp-content\/uploads\/2025\/08\/Conference_01-1.png","datePublished":"2024-05-06T14:33:06+00:00","dateModified":"2025-08-30T11:44:04+00:00","breadcrumb":{"@id":"https:\/\/maalma.fr\/index.php\/evenements\/conferences\/#breadcrumb"},"inLanguage":"fr-FR","potentialAction":[{"@type":"ReadAction","target":["https:\/\/maalma.fr\/index.php\/evenements\/conferences\/"]}]},{"@type":"ImageObject","inLanguage":"fr-FR","@id":"https:\/\/maalma.fr\/index.php\/evenements\/conferences\/#primaryimage","url":"https:\/\/maalma.fr\/wp-content\/uploads\/2025\/08\/Conference_01-1.png","contentUrl":"https:\/\/maalma.fr\/wp-content\/uploads\/2025\/08\/Conference_01-1.png","width":194,"height":418},{"@type":"BreadcrumbList","@id":"https:\/\/maalma.fr\/index.php\/evenements\/conferences\/#breadcrumb","itemListElement":[{"@type":"ListItem","position":1,"name":"Accueil","item":"https:\/\/maalma.fr\/"},{"@type":"ListItem","position":2,"name":"\u00c9v\u00e9nements","item":"https:\/\/maalma.fr\/index.php\/evenements\/"},{"@type":"ListItem","position":3,"name":"Conf\u00e9rences"}]},{"@type":"WebSite","@id":"https:\/\/maalma.fr\/#website","url":"https:\/\/maalma.fr\/","name":"Maalma","description":"Cours de Danse Orientale \u00e0 Toulon","publisher":{"@id":"https:\/\/maalma.fr\/#\/schema\/person\/a945d22e927bdda5549b8ce55155fbc1"},"potentialAction":[{"@type":"SearchAction","target":{"@type":"EntryPoint","urlTemplate":"https:\/\/maalma.fr\/?s={search_term_string}"},"query-input":{"@type":"PropertyValueSpecification","valueRequired":true,"valueName":"search_term_string"}}],"inLanguage":"fr-FR"},{"@type":["Person","Organization"],"@id":"https:\/\/maalma.fr\/#\/schema\/person\/a945d22e927bdda5549b8ce55155fbc1","name":"zenouda","image":{"@type":"ImageObject","inLanguage":"fr-FR","@id":"https:\/\/maalma.fr\/wp-content\/uploads\/2024\/05\/cropped-unnamed.jpg","url":"https:\/\/maalma.fr\/wp-content\/uploads\/2024\/05\/cropped-unnamed.jpg","contentUrl":"https:\/\/maalma.fr\/wp-content\/uploads\/2024\/05\/cropped-unnamed.jpg","width":512,"height":512,"caption":"zenouda"},"logo":{"@id":"https:\/\/maalma.fr\/wp-content\/uploads\/2024\/05\/cropped-unnamed.jpg"},"sameAs":["http:\/\/maalma.fr"]}]}},"_links":{"self":[{"href":"https:\/\/maalma.fr\/index.php\/wp-json\/wp\/v2\/pages\/2332","targetHints":{"allow":["GET"]}}],"collection":[{"href":"https:\/\/maalma.fr\/index.php\/wp-json\/wp\/v2\/pages"}],"about":[{"href":"https:\/\/maalma.fr\/index.php\/wp-json\/wp\/v2\/types\/page"}],"author":[{"embeddable":true,"href":"https:\/\/maalma.fr\/index.php\/wp-json\/wp\/v2\/users\/1"}],"replies":[{"embeddable":true,"href":"https:\/\/maalma.fr\/index.php\/wp-json\/wp\/v2\/comments?post=2332"}],"version-history":[{"count":3,"href":"https:\/\/maalma.fr\/index.php\/wp-json\/wp\/v2\/pages\/2332\/revisions"}],"predecessor-version":[{"id":3017,"href":"https:\/\/maalma.fr\/index.php\/wp-json\/wp\/v2\/pages\/2332\/revisions\/3017"}],"up":[{"embeddable":true,"href":"https:\/\/maalma.fr\/index.php\/wp-json\/wp\/v2\/pages\/88"}],"wp:attachment":[{"href":"https:\/\/maalma.fr\/index.php\/wp-json\/wp\/v2\/media?parent=2332"}],"curies":[{"name":"wp","href":"https:\/\/api.w.org\/{rel}","templated":true}]}}