{"id":2505,"date":"2024-05-14T15:35:28","date_gmt":"2024-05-14T13:35:28","guid":{"rendered":"https:\/\/maalma.fr\/?page_id=2505"},"modified":"2024-05-14T15:49:55","modified_gmt":"2024-05-14T13:49:55","slug":"le-cantique","status":"publish","type":"page","link":"https:\/\/maalma.fr\/index.php\/videos\/le-cantique\/","title":{"rendered":"Danse Cantique des cantiques"},"content":{"rendered":"\n<h2 class=\"wp-block-heading has-text-align-center has-primary-color has-text-color has-link-color has-large-font-size wp-elements-c94fe54f5229d763d0258e1ae7b31c24\" style=\"font-style:normal;font-weight:700\">Danse Cantique des cantiques<\/h2>\n\n\n\n<div class=\"wp-block-group has-global-padding is-layout-constrained wp-container-core-group-is-layout-ce8a117f wp-block-group-is-layout-constrained has-background lazyload\" style=\"padding-top:var(--wp--preset--spacing--x-small);padding-right:var(--wp--preset--spacing--x-small);padding-bottom:var(--wp--preset--spacing--x-small);padding-left:var(--wp--preset--spacing--x-small);background-image:inherit;background-size:cover;\" data-bg-image=\"url(&amp;apos;http:\/\/maalma.fr\/wp-content\/uploads\/2024\/04\/Orientale-BG.jpg&amp;apos;)\">\n<figure class=\"wp-block-embed is-type-video is-provider-youtube wp-block-embed-youtube wp-embed-aspect-16-9 wp-has-aspect-ratio\"><div class=\"wp-block-embed__wrapper\">\n<iframe title=\"Myriam TARA Benharroch Cantique des cantiques : Th\u00e9\u00e2tre de Boulogne (2007) 2\" width=\"950\" height=\"534\" data-src=\"https:\/\/www.youtube.com\/embed\/W28B1kXgw3Q?feature=oembed\" frameborder=\"0\" allow=\"accelerometer; autoplay; clipboard-write; encrypted-media; gyroscope; picture-in-picture; web-share\" referrerpolicy=\"strict-origin-when-cross-origin\" allowfullscreen src=\"data:image\/svg+xml;base64,PHN2ZyB3aWR0aD0iMSIgaGVpZ2h0PSIxIiB4bWxucz0iaHR0cDovL3d3dy53My5vcmcvMjAwMC9zdmciPjwvc3ZnPg==\" class=\"lazyload\" data-load-mode=\"1\"><\/iframe>\n<\/div><\/figure>\n\n\n\n<figure class=\"wp-block-embed is-type-video is-provider-youtube wp-block-embed-youtube wp-embed-aspect-16-9 wp-has-aspect-ratio\"><div class=\"wp-block-embed__wrapper\">\n<iframe title=\"Myriam Tara Benharroch Cantique des cantiques Danse et r\u00e9citation  Th\u00e9\u00e2tre de Boulogne 2007\" width=\"950\" height=\"534\" data-src=\"https:\/\/www.youtube.com\/embed\/mdsa2e9U5M4?feature=oembed\" frameborder=\"0\" allow=\"accelerometer; autoplay; clipboard-write; encrypted-media; gyroscope; picture-in-picture; web-share\" referrerpolicy=\"strict-origin-when-cross-origin\" allowfullscreen src=\"data:image\/svg+xml;base64,PHN2ZyB3aWR0aD0iMSIgaGVpZ2h0PSIxIiB4bWxucz0iaHR0cDovL3d3dy53My5vcmcvMjAwMC9zdmciPjwvc3ZnPg==\" class=\"lazyload\" data-load-mode=\"1\"><\/iframe>\n<\/div><\/figure>\n<\/div>\n\n\n\n<div style=\"height:50px\" aria-hidden=\"true\" class=\"wp-block-spacer\"><\/div>\n","protected":false},"excerpt":{"rendered":"<p>Danse Cantique des cantiques<\/p>\n","protected":false},"author":1,"featured_media":0,"parent":87,"menu_order":0,"comment_status":"closed","ping_status":"closed","template":"page-templates\/no-title.php","meta":{"inspiro_hide_title":false,"footnotes":""},"class_list":["post-2505","page","type-page","status-publish","hentry"],"yoast_head":"<!-- This site is optimized with the Yoast SEO plugin v27.3 - https:\/\/yoast.com\/product\/yoast-seo-wordpress\/ -->\n<title>Danse Cantique des cantiques - Maalma<\/title>\n<meta name=\"robots\" content=\"index, follow, max-snippet:-1, max-image-preview:large, max-video-preview:-1\" \/>\n<link rel=\"canonical\" href=\"https:\/\/maalma.fr\/index.php\/videos\/le-cantique\/\" \/>\n<meta property=\"og:locale\" content=\"fr_FR\" \/>\n<meta property=\"og:type\" content=\"article\" \/>\n<meta property=\"og:title\" content=\"Danse Cantique des cantiques - Maalma\" \/>\n<meta property=\"og:description\" content=\"Danse Cantique des cantiques\" \/>\n<meta property=\"og:url\" content=\"https:\/\/maalma.fr\/index.php\/videos\/le-cantique\/\" \/>\n<meta property=\"og:site_name\" content=\"Maalma\" \/>\n<meta property=\"article:modified_time\" content=\"2024-05-14T13:49:55+00:00\" \/>\n<meta name=\"twitter:card\" content=\"summary_large_image\" \/>\n<meta name=\"twitter:label1\" content=\"Dur\u00e9e de lecture estim\u00e9e\" \/>\n\t<meta name=\"twitter:data1\" content=\"1 minute\" \/>\n<script type=\"application\/ld+json\" class=\"yoast-schema-graph\">{\"@context\":\"https:\\\/\\\/schema.org\",\"@graph\":[{\"@type\":\"WebPage\",\"@id\":\"https:\\\/\\\/maalma.fr\\\/index.php\\\/videos\\\/le-cantique\\\/\",\"url\":\"https:\\\/\\\/maalma.fr\\\/index.php\\\/videos\\\/le-cantique\\\/\",\"name\":\"Danse Cantique des cantiques - Maalma\",\"isPartOf\":{\"@id\":\"https:\\\/\\\/maalma.fr\\\/#website\"},\"datePublished\":\"2024-05-14T13:35:28+00:00\",\"dateModified\":\"2024-05-14T13:49:55+00:00\",\"breadcrumb\":{\"@id\":\"https:\\\/\\\/maalma.fr\\\/index.php\\\/videos\\\/le-cantique\\\/#breadcrumb\"},\"inLanguage\":\"fr-FR\",\"potentialAction\":[{\"@type\":\"ReadAction\",\"target\":[\"https:\\\/\\\/maalma.fr\\\/index.php\\\/videos\\\/le-cantique\\\/\"]}]},{\"@type\":\"BreadcrumbList\",\"@id\":\"https:\\\/\\\/maalma.fr\\\/index.php\\\/videos\\\/le-cantique\\\/#breadcrumb\",\"itemListElement\":[{\"@type\":\"ListItem\",\"position\":1,\"name\":\"Accueil\",\"item\":\"https:\\\/\\\/maalma.fr\\\/\"},{\"@type\":\"ListItem\",\"position\":2,\"name\":\"Vid\u00e9os\",\"item\":\"https:\\\/\\\/maalma.fr\\\/index.php\\\/videos\\\/\"},{\"@type\":\"ListItem\",\"position\":3,\"name\":\"Danse Cantique des cantiques\"}]},{\"@type\":\"WebSite\",\"@id\":\"https:\\\/\\\/maalma.fr\\\/#website\",\"url\":\"https:\\\/\\\/maalma.fr\\\/\",\"name\":\"Maalma\",\"description\":\"Cours de Danse Orientale \u00e0 Toulon\",\"publisher\":{\"@id\":\"https:\\\/\\\/maalma.fr\\\/#\\\/schema\\\/person\\\/a945d22e927bdda5549b8ce55155fbc1\"},\"potentialAction\":[{\"@type\":\"SearchAction\",\"target\":{\"@type\":\"EntryPoint\",\"urlTemplate\":\"https:\\\/\\\/maalma.fr\\\/?s={search_term_string}\"},\"query-input\":{\"@type\":\"PropertyValueSpecification\",\"valueRequired\":true,\"valueName\":\"search_term_string\"}}],\"inLanguage\":\"fr-FR\"},{\"@type\":[\"Person\",\"Organization\"],\"@id\":\"https:\\\/\\\/maalma.fr\\\/#\\\/schema\\\/person\\\/a945d22e927bdda5549b8ce55155fbc1\",\"name\":\"zenouda\",\"image\":{\"@type\":\"ImageObject\",\"inLanguage\":\"fr-FR\",\"@id\":\"https:\\\/\\\/maalma.fr\\\/wp-content\\\/uploads\\\/2024\\\/05\\\/cropped-unnamed.jpg\",\"url\":\"https:\\\/\\\/maalma.fr\\\/wp-content\\\/uploads\\\/2024\\\/05\\\/cropped-unnamed.jpg\",\"contentUrl\":\"https:\\\/\\\/maalma.fr\\\/wp-content\\\/uploads\\\/2024\\\/05\\\/cropped-unnamed.jpg\",\"width\":512,\"height\":512,\"caption\":\"zenouda\"},\"logo\":{\"@id\":\"https:\\\/\\\/maalma.fr\\\/wp-content\\\/uploads\\\/2024\\\/05\\\/cropped-unnamed.jpg\"},\"sameAs\":[\"http:\\\/\\\/maalma.fr\"]}]}<\/script>\n<!-- \/ Yoast SEO plugin. -->","yoast_head_json":{"title":"Danse Cantique des cantiques - Maalma","robots":{"index":"index","follow":"follow","max-snippet":"max-snippet:-1","max-image-preview":"max-image-preview:large","max-video-preview":"max-video-preview:-1"},"canonical":"https:\/\/maalma.fr\/index.php\/videos\/le-cantique\/","og_locale":"fr_FR","og_type":"article","og_title":"Danse Cantique des cantiques - Maalma","og_description":"Danse Cantique des cantiques","og_url":"https:\/\/maalma.fr\/index.php\/videos\/le-cantique\/","og_site_name":"Maalma","article_modified_time":"2024-05-14T13:49:55+00:00","twitter_card":"summary_large_image","twitter_misc":{"Dur\u00e9e de lecture estim\u00e9e":"1 minute"},"schema":{"@context":"https:\/\/schema.org","@graph":[{"@type":"WebPage","@id":"https:\/\/maalma.fr\/index.php\/videos\/le-cantique\/","url":"https:\/\/maalma.fr\/index.php\/videos\/le-cantique\/","name":"Danse Cantique des cantiques - Maalma","isPartOf":{"@id":"https:\/\/maalma.fr\/#website"},"datePublished":"2024-05-14T13:35:28+00:00","dateModified":"2024-05-14T13:49:55+00:00","breadcrumb":{"@id":"https:\/\/maalma.fr\/index.php\/videos\/le-cantique\/#breadcrumb"},"inLanguage":"fr-FR","potentialAction":[{"@type":"ReadAction","target":["https:\/\/maalma.fr\/index.php\/videos\/le-cantique\/"]}]},{"@type":"BreadcrumbList","@id":"https:\/\/maalma.fr\/index.php\/videos\/le-cantique\/#breadcrumb","itemListElement":[{"@type":"ListItem","position":1,"name":"Accueil","item":"https:\/\/maalma.fr\/"},{"@type":"ListItem","position":2,"name":"Vid\u00e9os","item":"https:\/\/maalma.fr\/index.php\/videos\/"},{"@type":"ListItem","position":3,"name":"Danse Cantique des cantiques"}]},{"@type":"WebSite","@id":"https:\/\/maalma.fr\/#website","url":"https:\/\/maalma.fr\/","name":"Maalma","description":"Cours de Danse Orientale \u00e0 Toulon","publisher":{"@id":"https:\/\/maalma.fr\/#\/schema\/person\/a945d22e927bdda5549b8ce55155fbc1"},"potentialAction":[{"@type":"SearchAction","target":{"@type":"EntryPoint","urlTemplate":"https:\/\/maalma.fr\/?s={search_term_string}"},"query-input":{"@type":"PropertyValueSpecification","valueRequired":true,"valueName":"search_term_string"}}],"inLanguage":"fr-FR"},{"@type":["Person","Organization"],"@id":"https:\/\/maalma.fr\/#\/schema\/person\/a945d22e927bdda5549b8ce55155fbc1","name":"zenouda","image":{"@type":"ImageObject","inLanguage":"fr-FR","@id":"https:\/\/maalma.fr\/wp-content\/uploads\/2024\/05\/cropped-unnamed.jpg","url":"https:\/\/maalma.fr\/wp-content\/uploads\/2024\/05\/cropped-unnamed.jpg","contentUrl":"https:\/\/maalma.fr\/wp-content\/uploads\/2024\/05\/cropped-unnamed.jpg","width":512,"height":512,"caption":"zenouda"},"logo":{"@id":"https:\/\/maalma.fr\/wp-content\/uploads\/2024\/05\/cropped-unnamed.jpg"},"sameAs":["http:\/\/maalma.fr"]}]}},"_links":{"self":[{"href":"https:\/\/maalma.fr\/index.php\/wp-json\/wp\/v2\/pages\/2505","targetHints":{"allow":["GET"]}}],"collection":[{"href":"https:\/\/maalma.fr\/index.php\/wp-json\/wp\/v2\/pages"}],"about":[{"href":"https:\/\/maalma.fr\/index.php\/wp-json\/wp\/v2\/types\/page"}],"author":[{"embeddable":true,"href":"https:\/\/maalma.fr\/index.php\/wp-json\/wp\/v2\/users\/1"}],"replies":[{"embeddable":true,"href":"https:\/\/maalma.fr\/index.php\/wp-json\/wp\/v2\/comments?post=2505"}],"version-history":[{"count":0,"href":"https:\/\/maalma.fr\/index.php\/wp-json\/wp\/v2\/pages\/2505\/revisions"}],"up":[{"embeddable":true,"href":"https:\/\/maalma.fr\/index.php\/wp-json\/wp\/v2\/pages\/87"}],"wp:attachment":[{"href":"https:\/\/maalma.fr\/index.php\/wp-json\/wp\/v2\/media?parent=2505"}],"curies":[{"name":"wp","href":"https:\/\/api.w.org\/{rel}","templated":true}]}}